{"id":8,"date":"2026-01-25T12:31:33","date_gmt":"2026-01-25T11:31:33","guid":{"rendered":"https:\/\/weingin.de\/?page_id=8"},"modified":"2026-01-25T12:31:34","modified_gmt":"2026-01-25T11:31:34","slug":"impressum-datenschutz","status":"publish","type":"page","link":"https:\/\/weingin.de\/?page_id=8","title":{"rendered":"Impressum\/Datenschutz"},"content":{"rendered":"\n<h2 class=\"wp-block-heading\">Angaben gem\u00e4\u00df \u00a7 5 TMG<\/h2>\n\n\n\n<p>WeinGin<\/p>\n\n\n\n<div class=\"wp-block-group\"><div class=\"wp-block-group__inner-container is-layout-constrained wp-block-group-is-layout-constrained\">\n<div class=\"wp-block-media-text is-stacked-on-mobile is-vertically-aligned-center\" style=\"grid-template-columns:15% auto\"><figure class=\"wp-block-media-text__media\"><img loading=\"lazy\" decoding=\"async\" width=\"272\" height=\"178\" src=\"https:\/\/weingin.de\/wp-content\/uploads\/2026\/01\/Bildschirmfoto-2026-01-25-um-12.22.28.png\" alt=\"\" class=\"wp-image-9 size-full\"\/><\/figure><div class=\"wp-block-media-text__content\">\n<p><\/p>\n<\/div><\/div>\n\n\n\n<p>Mail: support@weingin.de<\/p>\n\n\n\n<p><\/p>\n\n\n\n<hr class=\"wp-block-separator has-alpha-channel-opacity\"\/>\n\n\n\n<h2 class=\"wp-block-heading has-headings-color has-text-color has-link-color wp-elements-93563ad43e03a79187733b8649fae1de\">Haftungsausschluss<\/h2>\n\n\n\n<h3 class=\"wp-block-heading\">Haftung f\u00fcr Inhalte<\/h3>\n<\/div><\/div>\n\n\n\n<p>Die Inhalte unserer Seiten wurden mit gr\u00f6\u00dfter Sorgfalt erstellt. F\u00fcr die Richtigkeit, Vollst\u00e4ndigkeit und Aktualit\u00e4t der Inhalte k\u00f6nnen wir jedoch keine Gew\u00e4hr \u00fcbernehmen. Als Diensteanbieter sind wir gem\u00e4\u00df \u00a7 7 Abs.1 TMG f\u00fcr eigene Inhalte auf diesen Seiten nach den allgemeinen Gesetzen verantwortlich. Nach \u00a7\u00a7 8 bis 10 TMG sind wir als Diensteanbieter jedoch nicht verpflichtet, \u00fcbermittelte oder gespeicherte fremde Informationen zu \u00fcberwachen oder nach Umst\u00e4nden zu forschen, die auf eine rechtswidrige T\u00e4tigkeit hinweisen. Verpflichtungen zur Entfernung oder Sperrung der Nutzung von Informationen nach den allgemeinen Gesetzen bleiben hiervon unber\u00fchrt. Eine diesbez\u00fcgliche Haftung ist jedoch erst ab dem Zeitpunkt der Kenntnis einer konkreten Rechtsverletzung m\u00f6glich. Bei Bekanntwerden von entsprechenden Rechtsverletzungen werden wir diese Inhalte umgehend entfernen.<\/p>\n\n\n\n<h3 class=\"wp-block-heading\">Haftung f\u00fcr Links<\/h3>\n\n\n\n<p>Unser Angebot enth\u00e4lt Links zu externen Webseiten Dritter, auf deren Inhalte wir keinen Einfluss haben. Deshalb k\u00f6nnen wir f\u00fcr diese fremden Inhalte auch keine Gew\u00e4hr \u00fcbernehmen. F\u00fcr die Inhalte der verlinkten Seiten ist stets der jeweilige Anbieter oder Betreiber der Seiten verantwortlich. Die verlinkten Seiten wurden zum Zeitpunkt der Verlinkung auf m\u00f6gliche Rechtsverst\u00f6\u00dfe \u00fcberpr\u00fcft. Rechtswidrige Inhalte waren zum Zeitpunkt der Verlinkung nicht erkennbar. Eine permanente inhaltliche Kontrolle der verlinkten Seiten ist jedoch ohne konkrete Anhaltspunkte einer Rechtsverletzung nicht zumutbar. Bei Bekanntwerden von Rechtsverletzungen werden wir derartige Links umgehend entfernen.<\/p>\n\n\n\n<h3 class=\"wp-block-heading\">Urheberrecht<\/h3>\n\n\n\n<p>Die durch die Seitenbetreiber erstellten Inhalte und Werke auf diesen Seiten unterliegen dem deutschen Urheberrecht. Die Vervielf\u00e4ltigung, Bearbeitung, Verbreitung und jede Art der Verwertung au\u00dferhalb der Grenzen des Urheberrechtes bed\u00fcrfen der schriftlichen Zustimmung des jeweiligen Autors bzw. Erstellers. Downloads und Kopien dieser Seite sind nur f\u00fcr den privaten, nicht kommerziellen Gebrauch gestattet. Soweit die Inhalte auf dieser Seite nicht vom Betreiber erstellt wurden, werden die Urheberrechte Dritter beachtet. Insbesondere werden Inhalte Dritter als solche gekennzeichnet. Sollten Sie trotzdem auf eine Urheberrechtsverletzung aufmerksam werden, bitten wir um einen entsprechenden Hinweis. Bei Bekanntwerden von Rechtsverletzungen werden wir derartige Inhalte umgehend entfernen.<\/p>\n\n\n\n<hr class=\"wp-block-separator has-alpha-channel-opacity\"\/>\n\n\n\n<h2 class=\"wp-block-heading\">Datenschutzerkl\u00e4rung<\/h2>\n\n\n\n<p>Wir nutzen Matomo, eine Open Source, selbst-gehostete Software um anonyme Nutzungsdaten f\u00fcr diese Webseite zu sammeln.<\/p>\n\n\n\n<p>Die Daten zum Verhalten der Besucher werden gesammelt um eventuelle Probleme wie nicht gefundene Seiten, Suchmaschinenprobleme oder unbeliebte Seiten herauszufinden. Sobald die Daten (Anzahl der Besucher die Fehlerseiten oder nur eine Seite sehen, usw.) verarbeitet werden, erzeugt Matomo Berichte f\u00fcr die uns, damit diese darauf reagieren k\u00f6nnen. (Layoutver\u00e4nderungen, neue Inhalte, usw.). Dabei werden alle personenbezogenen Daten anonymisiert gespeichert.<\/p>\n\n\n\n<p>Somit verarbeiten wir die folgenden Daten:<\/p>\n\n\n\n<ul class=\"wp-block-list\">\n<li>Cookies<\/li>\n\n\n\n<li>Anonymisiert IP-Adressen indem die letzten 2 bytes entfernt werden (also 198.51.0.0 anstatt 198.51.100.54)<\/li>\n\n\n\n<li>Pseudoanonymisierter Standort (basierend auf der anonymisierten IP-Adresse<\/li>\n\n\n\n<li>Datum und Uhrzeit<\/li>\n\n\n\n<li>Titel der aufgerufenen Seite<\/li>\n\n\n\n<li>URL der aufgerufenen Seite<\/li>\n\n\n\n<li>URL der vorhergehenden Seite (sofern diese das erlaubt)<\/li>\n\n\n\n<li>Bildschirmaufl\u00f6sung<\/li>\n\n\n\n<li>Lokale Zeit<\/li>\n\n\n\n<li>Dateien die angeklickt und heruntergeladen wurden<\/li>\n\n\n\n<li>Externe Links<\/li>\n\n\n\n<li>Dauer des Seitenaufbaus<\/li>\n\n\n\n<li>Land, Region, Stadt (mit niedriger Genauigkeit aufgrund von IP-Adresse)<\/li>\n\n\n\n<li>Hauptsprache des Browsers<\/li>\n\n\n\n<li>User Agent des Browsers<\/li>\n\n\n\n<li>Interaktionen mit Formularen (aber nicht deren Inhalt)<\/li>\n<\/ul>\n\n\n\n<h2 class=\"wp-block-heading\">Mit wem wir deine Daten teilen<\/h2>\n\n\n\n<p>Dein Besuch verursacht einen Eintrag in unseren logfiles. Diese werden nicht automatisiert verarbeitet oder mit dem ziel der Datenverarbeitung etwa in Datenbanken gespeichert. Es gibt keine 3. Partei, mit der wir Daten teilen.<\/p>\n\n\n\n<h2 class=\"wp-block-heading\">Welche Rechte du an deinen Daten hast<\/h2>\n\n\n\n<p>Falls du ein Interesse daran hast, aus den logfiles entfernt zu werden, schreib uns einfach eine mail und eventuell noch deine IP Adresse. Wir werden deine Eintr\u00e4ge umgehend entfernen. Eintr\u00e4ge in der Matomo Datenbank sind anonymisiert und somit nicht mehr auf eine Person zur\u00fcckf\u00fchrbar.<\/p>\n\n\n\n<h2 class=\"wp-block-heading\">Wohin deine Daten gesendet werden<\/h2>\n\n\n\n<p>Deine Daten bleiben auf unseren selbst-gehosteten Server und werden an keine 3. Partei \u00fcbertragen.&nbsp;<\/p>\n\n\n\n<h3 class=\"wp-block-heading\">Rechtsgrundlage<\/h3>\n\n\n\n<p>Die Verarbeitung der Daten erfolgt auf Basis von Art. 6 Abs. 1 lit. f) DSGVO i.V.m \u00a7 15 BDSG.<\/p>\n","protected":false},"excerpt":{"rendered":"<p>Angaben gem\u00e4\u00df \u00a7 5 TMG WeinGin Mail: support@weingin.de Haftungsausschluss Haftung f\u00fcr Inhalte Die Inhalte unserer Seiten wurden mit gr\u00f6\u00dfter Sorgfalt erstellt. F\u00fcr die Richtigkeit, Vollst\u00e4ndigkeit &hellip;<\/p>\n","protected":false},"author":1,"featured_media":0,"parent":0,"menu_order":0,"comment_status":"closed","ping_status":"closed","template":"","meta":{"footnotes":""},"class_list":["post-8","page","type-page","status-publish","hentry"],"_links":{"self":[{"href":"https:\/\/weingin.de\/index.php?rest_route=\/wp\/v2\/pages\/8","targetHints":{"allow":["GET"]}}],"collection":[{"href":"https:\/\/weingin.de\/index.php?rest_route=\/wp\/v2\/pages"}],"about":[{"href":"https:\/\/weingin.de\/index.php?rest_route=\/wp\/v2\/types\/page"}],"author":[{"embeddable":true,"href":"https:\/\/weingin.de\/index.php?rest_route=\/wp\/v2\/users\/1"}],"replies":[{"embeddable":true,"href":"https:\/\/weingin.de\/index.php?rest_route=%2Fwp%2Fv2%2Fcomments&post=8"}],"version-history":[{"count":2,"href":"https:\/\/weingin.de\/index.php?rest_route=\/wp\/v2\/pages\/8\/revisions"}],"predecessor-version":[{"id":11,"href":"https:\/\/weingin.de\/index.php?rest_route=\/wp\/v2\/pages\/8\/revisions\/11"}],"wp:attachment":[{"href":"https:\/\/weingin.de\/index.php?rest_route=%2Fwp%2Fv2%2Fmedia&parent=8"}],"curies":[{"name":"wp","href":"https:\/\/api.w.org\/{rel}","templated":true}]}}